{"id":1401,"date":"2019-06-24T16:17:08","date_gmt":"2019-06-24T14:17:08","guid":{"rendered":"https:\/\/www.mia-international.es\/aviso-legal\/"},"modified":"2019-07-01T14:05:17","modified_gmt":"2019-07-01T12:05:17","slug":"avviso-legale","status":"publish","type":"page","link":"https:\/\/www.mia-international.es\/it\/avviso-legale\/","title":{"rendered":"Avviso legale"},"content":{"rendered":"<div class=\"wpb-content-wrapper\"><p>[vc_row][vc_column css=&#8221;.vc_custom_1559812282760{margin-bottom: 8px !important;}&#8221;][vc_custom_heading text=&#8221;Avviso legale&#8221; font_container=&#8221;tag:h1|font_size:36|text_align:center|color:%2364656a&#8221; use_theme_fonts=&#8221;yes&#8221;][vc_empty_space height=&#8221;30px&#8221;][\/vc_column][\/vc_row][vc_row][vc_column css=&#8221;.vc_custom_1559812282760{margin-bottom: 8px !important;}&#8221;][vc_column_text]<\/p>\n<h3><strong>LEGGE DEI SERVIZI DELLA SOCIET\u00c0 SULL\u2019INFORMATIVA (LSSI)<\/strong><\/h3>\n<div><\/div>\n<p>[\/vc_column_text][vc_empty_space height=&#8221;8px&#8221;][vc_column_text]MIA REPRESENTACIONES ARTISTICAS, S.L., responsabile del sito web, di seguito RESPONSABILE, mette a disposizione degli utenti il presente documento, con il quale pretende dare osservanza agli obblighi disposti nella Legge 34\/2002, del 11 luglio, di Servizi della Societ\u00e0 dell\u2019Informativa e di Commercio Elettronico (LSSICE), GUS N \u00ba 166, cos\u00ec come informare tutti gli utenti del sito web rispetto a quali sono le condizioni di uso.<\/p>\n<p>Ogni persona che acceda a questo sito web assume lo stato di utente, impegnandosi all\u2019osservanza e all\u2019adempimento rigoroso delle disposizioni qui disposte, cos\u00ec come a qualunque altra disposizione legale che fosse applicabile.<\/p>\n<p>MIA REPRESENTACIONES ARTISTICAS, S.L. si riserva il diritto di modificare qualunque tipo di informativa che potesse apparire nel sito web, senza che esista obbligo di preavvisare o mettere in conoscenza degli utenti tali obblighi, intendendosi come sufficienti con la pubblicazione nel sito web di MIA REPRESENTACIONES ARTISTICAS, S.L.[\/vc_column_text][vc_column_text]<\/p>\n<h4><strong>1. DATI IDENTIFICATIVI <\/strong><\/h4>\n<p>Nome di dominio: www.miarepresentaciones.com<br \/>\nNome commerciale: MIA REPRESENTACIONES ARTISTICAS, S.L.<br \/>\nDenominazione sociale: MIA REPRESENTACIONES ARTISTICAS, S.L.<br \/>\nNIF: B86458072<br \/>\nSede legale: Jos\u00e9 Rizal 67 1 D, 28043 Madrid (MADRID)<br \/>\nTelefono: 910344710<br \/>\ne-mail: info@miarepresentaciones.com<br \/>\nIscritta nel Registro (Mercantile \/ Pubblico):\u00a0Volume 29.941, Foglio 10, Sezione 8, Pagina M-538867[\/vc_column_text][vc_column_text]<\/p>\n<h4><strong>2. DIRITTI DI PROPRIET\u00c0 INTELLETTUALE ED INDUSTRIALE<\/strong><\/h4>\n<p>Il sito web, includendo a titolo enunciativo per\u00f2 non limitativo la sua programmazione, edizione, compilazione e altri elementi necessari per il suo funzionamento, i disegni, logotipi, testo e\/o grafici, sono propriet\u00e0 del RESPONSABILE o, se \u00e8 il caso, dispone della licenza o autorizzazione espressa da parte degli autori. Tutti i contenuti del sito web si trovano debitamente tutelati dalla normativa di propriet\u00e0 intellettuale ed industriale, cos\u00ec come iscritti nei pubblici registri corrispondenti.<\/p>\n<p>Indipendentemente dallo scopo per cui fossero destinati, la riproduzione totale o parziale, uso, sfruttamento, distribuzione e commercializzazione, richiede in ogni caso l\u2019autorizzazione previa per iscritto da parte del RESPONSABILE. Qualunque uso non autorizzato previamente si considera una inosservanza grave dei diritti di propriet\u00e0 intellettuale o industriale dell\u2019autore.<\/p>\n<p>I disegni, logotipi, testi e\/o grafici estranei al RESPONSABILE e che potessero apparire nel sito web, appartengono ai rispettivi proprietari, essendo gli stessi i RESPONSABILI di qualunque possibile controversia che potesse sorgere riguardo ai medesimi. Il RESPONSABILE autorizza espressamente anche terzi soggetti possano ridirigere direttamente i contenuti concreti del sito web, e in ogni caso ridirigere il sito web principale di www.miarepresentaciones.com.<\/p>\n<p>Il RESPONSABILE riconosce a favore dei suoi titolari i corrispondenti diritti di propriet\u00e0 intellettuale e industriale, non implicando la sua sola menzione o apparizione nel sito web l\u2019esistenza di diritti o di responsabilit\u00e0 alcuna sugli stessi, come neppure appoggio, patrocinio o raccomandazione da parte dello stesso.<\/p>\n<p>Per realizzare qualunque tipo di osservazione rispetto a possibili inosservanze dei diritti di propriet\u00e0 intellettuale o industriale, cos\u00ec come su qualunque dei contenuti del sito web, pu\u00f2 farlo attraverso la posta elettronica <a href=\"mailto:info@miarepresentaciones.com\">info@miarepresentaciones.com<\/a>.[\/vc_column_text][vc_column_text]<\/p>\n<h4>3. ESENZIONE DI RESPONSABILIT\u00c0<\/h4>\n<p>Il RESPONSABILE si esime da qualunque tipo di responsabilit\u00e0 derivata dall\u2019informazione pubblicata nel sito web sempre che questa informazione sia stata manipolata o introdotta da un terzo estraneo allo stesso.<\/p>\n<p><strong>Uso dei Cookies<\/strong><\/p>\n<p>Questo sito web pu\u00f2 utilizzare cookies tecniche (piccoli archivi di informazione che il server invia al computer da cui accede alla pagina) per portare a termine determinate funzioni che sono considerate imprescindibili per il corretto funzionamento e visualizzazione del sito. I cookies utilizzati hanno, in ogni caso, carattere provvisorio, con l\u2019unico scopo di rendere pi\u00f9 efficace la navigazione e spariscono al termine della sessione dell\u2019utente. In nessun caso, questi cookies forniscono da s\u00e9 stesse dati di carattere personale e non si utilizzeranno per la raccolta dei medesimi.<\/p>\n<p>Mediante l\u2019uso dei cookies \u00e8 possibile anche che il server dove si trova la web riconosca il navigatore utilizzato dall\u2019utente con lo scopo che la navigazione sia pi\u00f9 semplice, permettendo, per esempio, l\u2019accesso degli utenti che si siano registrati previamente alle aree, servizi, promozioni o concorsi riservati esclusivamente a essi senza doversi registrare in ogni visita. Si possono anche utilizzare per misurare l\u2019udienza, parametri di traffico, controllare il processo ed il numero di entrate, ecc., essendo in questi casi cookies prescindibili tecnicamente per\u00f2 beneficiosi per l\u2019utente. Questo sito web non istaller\u00e0 cookies prescindibili senza il consenso previo dell\u2019utente.<\/p>\n<p>L\u2019utente ha la possibilit\u00e0 di configurare il suo navigatore per essere allertato del ricevimento di cookies e per impedire la loro istallazione nel suo pc. Per favore, consulti le istruzioni del suo navigatore per ampliare questa informativa.<\/p>\n<p>&nbsp;<\/p>\n<p><strong>Politica di link<\/strong><\/p>\n<p>Dal sito web, \u00e8 possibile ridirigersi verso contenuti da terzi siti web. Dato che il RESPONSABILE non pu\u00f2 controllare sempre i contenuti introdotti da terzi nei loro rispettivi siti web, non assume pertanto nessun tipo di responsabilit\u00e0 riguardo a tali contenuti. In ogni caso, proceder\u00e0 al ritiro immediato di qualunque contenuto che potesse contravvenire la legislazione nazionale o internazionale, la morale o l\u2019ordine pubblico, procedendo al ritiro immediato di ridirigersi a tali sito web, mettendo in conoscenza delle autorit\u00e0 competenti il contenuto in questione.<\/p>\n<p>Il RESPONSABILE\u00a0non si rende RESPONSABILE dell\u2019informativa e dei contenuti immagazzinati, a titolo enunciativo per\u00f2 non limitativo, in fori, chat generatori di blog, commenti, reti sociali o qualunque altro mezzo che permetta a terzi di pubblicare contenuti in forma indipendente nella pagina web del\u00a0RESPONSABILE. Nonostante ci\u00f2 e, in osservanza di quanto disposto negli articoli 11 e 16 della LSSICE, si mette a disposizione di tutti gli utenti, autorit\u00e0 e forze di sicurezza, collaborando in forma attiva al ritiro o, al caso, bloccaggio di tutti quei contenuti che possano colpire o contravvenire la legislazione nazionale o internazionale, i diritti di terzi o la morale e l\u2019ordine pubblico. In caso in cui l\u2019utente consideri che esista nel sito web alcun contenuto che potesse essere suscettibile di questa classifica, si prega di notificarlo in forma immediata all\u2019amministratore del sito web.<\/p>\n<p>Questo sito web \u00e8 stato riesaminato e provato perch\u00e9 funzioni correttamente. In principio, si pu\u00f2 garantire il corretto funzionamento i 365 giorni dell\u2019anno, 24 ore al giorno. Tuttavia, il RESPONSABILE\u00a0non scarta la possibilit\u00e0 che esistano certi errori di programmazione o che riguardino cause di forza maggiore, catastrofi naturali, scioperi o circostanze simili che rendano impossibile l\u2019accesso alla pagina web.<\/p>\n<p><strong>Indirizzi IP<\/strong><\/p>\n<p>I server del sito web potranno rintracciare in modo automatico l\u2019indirizzo IP ed il nome di dominio utilizzati dagli utenti. Un indirizzo IP \u00e8 un numero assegnato automaticamente ad un pc quando questo si connette ad Internet. Tutta questa informativa viene registrata in un file di attivit\u00e0 del server debitamente iscritto che permette il successivo processo dei dati con lo scopo di ottenere misurazioni unicamente statistiche che permettano di conoscere il numero di impressioni di pagine, il numeri di visite realizzate ai server web, l\u2019ordine di visite, il punto di accesso, ecc.[\/vc_column_text][vc_column_text]<\/p>\n<h4><strong>4. LEGISLAZIONE APPLICABILE E FORO COMPETENTE<\/strong><\/h4>\n<p>Per la risoluzione di tutte le controversie o questioni relazionate con il presente sito web o delle attivit\u00e0 in esso sviluppate, sono rette dalla legislazione spagnola, alla quale si sottomettono espressamente le parti, essendo competenti per la risoluzione di tutti i conflitti derivati o relazionati con il suo uso le Preture ed i Tribunali pi\u00f9 vicini a Madrid.[\/vc_column_text][vc_empty_space height=&#8221;30px&#8221;][\/vc_column][\/vc_row][vc_row][vc_column width=&#8221;5\/6&#8243; offset=&#8221;vc_hidden-xs&#8221;][vc_separator color=&#8221;custom&#8221; accent_color=&#8221;#64656a&#8221;][vc_column_text]<\/p>\n<p style=\"font-size: 13px;\">2019 \u00a9 MIA REPRESENTACIONES. <a href=\"https:\/\/www.mia-international.es\/it\/politica-di-privacy\/\">Politica di privacy.<\/a> <a href=\"https:\/\/www.mia-international.es\/it\/avviso-legale\/\">Avviso legale.<\/a><\/p>\n<p>[\/vc_column_text][vc_empty_space height=&#8221;64px&#8221;][\/vc_column][vc_column width=&#8221;1\/6&#8243; css=&#8221;.vc_custom_1560179806081{margin-top: -25px !important;border-top-width: 0px !important;padding-top: 0px !important;}&#8221; offset=&#8221;vc_hidden-xs&#8221;][vc_single_image image=&#8221;159&#8243; img_size=&#8221;&#8221; alignment=&#8221;right&#8221;][\/vc_column][\/vc_row][vc_row][vc_column offset=&#8221;vc_hidden-lg vc_hidden-md vc_hidden-sm&#8221;][vc_separator color=&#8221;custom&#8221; accent_color=&#8221;#64656a&#8221;][vc_column_text]<\/p>\n<p style=\"font-size: 13px;\">2019 \u00a9 MIA REPRESENTACIONES.<br \/>\n<a href=\"https:\/\/www.mia-international.es\/it\/politica-di-privacy\/\">Politica di privacy.<\/a> <a href=\"https:\/\/www.mia-international.es\/it\/avviso-legale\/\">Avviso legale.<\/a><\/p>\n<p>[\/vc_column_text][vc_single_image image=&#8221;569&#8243; img_size=&#8221;&#8221;][\/vc_column][\/vc_row]<\/p>\n<\/div>","protected":false},"excerpt":{"rendered":"<p>[vc_row][vc_column css=&#8221;.vc_custom_1559812282760{margin-bottom: 8px !important;}&#8221;][vc_custom_heading text=&#8221;Avviso legale&#8221; font_container=&#8221;tag:h1|font_size:36|text_align:center|color:%2364656a&#8221; use_theme_fonts=&#8221;yes&#8221;][vc_empty_space height=&#8221;30px&#8221;][\/vc_column][\/vc_row][vc_row][vc_column css=&#8221;.vc_custom_1559812282760{margin-bottom: 8px !important;}&#8221;][vc_column_text] LEGGE DEI SERVIZI DELLA SOCIET\u00c0 SULL\u2019INFORMATIVA (LSSI) [\/vc_column_text][vc_empty_space height=&#8221;8px&#8221;][vc_column_text]MIA REPRESENTACIONES ARTISTICAS, S.L., responsabile del sito web, di seguito RESPONSABILE, mette a disposizione degli utenti il presente documento, con il quale pretende dare osservanza agli obblighi disposti nella Legge 34\/2002, del 11 luglio, di&hellip;<\/p>\n","protected":false},"author":1,"featured_media":0,"parent":0,"menu_order":0,"comment_status":"closed","ping_status":"closed","template":"","meta":{"_acf_changed":false,"footnotes":""},"class_list":["post-1401","page","type-page","status-publish","hentry"],"acf":[],"_links":{"self":[{"href":"https:\/\/www.mia-international.es\/it\/wp-json\/wp\/v2\/pages\/1401","targetHints":{"allow":["GET"]}}],"collection":[{"href":"https:\/\/www.mia-international.es\/it\/wp-json\/wp\/v2\/pages"}],"about":[{"href":"https:\/\/www.mia-international.es\/it\/wp-json\/wp\/v2\/types\/page"}],"author":[{"embeddable":true,"href":"https:\/\/www.mia-international.es\/it\/wp-json\/wp\/v2\/users\/1"}],"replies":[{"embeddable":true,"href":"https:\/\/www.mia-international.es\/it\/wp-json\/wp\/v2\/comments?post=1401"}],"version-history":[{"count":3,"href":"https:\/\/www.mia-international.es\/it\/wp-json\/wp\/v2\/pages\/1401\/revisions"}],"predecessor-version":[{"id":1410,"href":"https:\/\/www.mia-international.es\/it\/wp-json\/wp\/v2\/pages\/1401\/revisions\/1410"}],"wp:attachment":[{"href":"https:\/\/www.mia-international.es\/it\/wp-json\/wp\/v2\/media?parent=1401"}],"curies":[{"name":"wp","href":"https:\/\/api.w.org\/{rel}","templated":true}]}}