{"id":1315,"date":"2019-06-07T09:48:33","date_gmt":"2019-06-07T07:48:33","guid":{"rendered":"https:\/\/www.mia-international.es\/social-media\/"},"modified":"2019-07-04T09:14:11","modified_gmt":"2019-07-04T07:14:11","slug":"social-media","status":"publish","type":"page","link":"https:\/\/www.mia-international.es\/it\/social-media\/","title":{"rendered":"Social Media"},"content":{"rendered":"<div class=\"wpb-content-wrapper\"><p>[vc_row][vc_column css=&#8221;.vc_custom_1559812282760{margin-bottom: 8px !important;}&#8221;][vc_custom_heading text=&#8221;Social Media&#8221; font_container=&#8221;tag:h1|font_size:36|text_align:center|color:%2364656a&#8221; use_theme_fonts=&#8221;yes&#8221;][vc_row_inner][vc_column_inner width=&#8221;1\/6&#8243;][\/vc_column_inner][vc_column_inner width=&#8221;2\/3&#8243;][vc_custom_heading text=&#8221;Svolgiamo un ruolo di mediazione tra Brand e celebrities,<br \/>\nartisti, sportivi, influencer&#8221; font_container=&#8221;tag:h5|text_align:center|color:%2364656a&#8221; google_fonts=&#8221;font_family:Nunito%3A300%2Cregular%2C700|font_style:400%20regular%3A400%3Anormal&#8221;][\/vc_column_inner][vc_column_inner width=&#8221;1\/6&#8243;][\/vc_column_inner][\/vc_row_inner][\/vc_column][\/vc_row][vc_row][vc_column css=&#8221;.vc_custom_1559812282760{margin-bottom: 8px !important;}&#8221;][vc_empty_space height=&#8221;30px&#8221;][\/vc_column][\/vc_row][vc_row gap=&#8221;15&#8243;][vc_column width=&#8221;1\/2&#8243; offset=&#8221;vc_hidden-sm vc_hidden-xs&#8221;][vc_single_image image=&#8221;1125&#8243; img_size=&#8221;full&#8221;][\/vc_column][vc_column width=&#8221;1\/2&#8243; css=&#8221;.vc_custom_1561565656857{margin-bottom: 0px !important;margin-left: -15px !important;border-bottom-width: 0px !important;padding-right: 15px !important;padding-bottom: 0px !important;background-color: #c3a291 !important;}&#8221; offset=&#8221;vc_hidden-sm vc_hidden-xs&#8221;][vc_column_text css=&#8221;.vc_custom_1562223841588{margin-bottom: 16px !important;border-bottom-width: 0px !important;padding-top: 2% !important;padding-bottom: 0px !important;padding-left: 4% !important;}&#8221;]<span style=\"color: #ffffff;\">Il valore aggiunto di MIA nel mondo social:<br \/>\n<\/span>[\/vc_column_text][vc_column_text css=&#8221;.vc_custom_1562223868758{margin-bottom: 16px !important;border-bottom-width: 0px !important;padding-top: 2% !important;padding-bottom: 0px !important;padding-left: 4% !important;}&#8221;]<span style=\"color: #ffffff;\">Negli anni abbiamo creato relazioni con gli influencer basate sulla fiducia e su un contatto continuo. Conosciamo aspetti tecnici e creativi che facilitano lo sviluppo di progetti interessanti, credibili e performanti.<br \/>\n<\/span>[\/vc_column_text][vc_empty_space height=&#8221;245px&#8221;][\/vc_column][\/vc_row][vc_row gap=&#8221;15&#8243;][vc_column width=&#8221;1\/2&#8243; offset=&#8221;vc_hidden-lg vc_hidden-md vc_hidden-xs&#8221;][vc_single_image image=&#8221;1174&#8243; img_size=&#8221;full&#8221;][\/vc_column][vc_column width=&#8221;1\/2&#8243; css=&#8221;.vc_custom_1561565678233{margin-bottom: 0px !important;margin-left: -15px !important;border-bottom-width: 0px !important;padding-right: 15px !important;padding-bottom: 0px !important;padding-left: 15px !important;background-color: #c3a291 !important;}&#8221; offset=&#8221;vc_hidden-lg vc_hidden-md vc_hidden-xs&#8221;][vc_column_text css=&#8221;.vc_custom_1562223847856{margin-bottom: 16px !important;border-bottom-width: 0px !important;padding-top: 2% !important;padding-bottom: 0px !important;padding-left: 4% !important;}&#8221;]<span style=\"color: #ffffff;\">Il valore aggiunto di MIA nel mondo social:<br \/>\n<\/span>[\/vc_column_text][vc_column_text css=&#8221;.vc_custom_1562223878556{margin-bottom: 16px !important;border-bottom-width: 0px !important;padding-top: 2% !important;padding-bottom: 0px !important;padding-left: 4% !important;}&#8221;]<span style=\"color: #ffffff;\">Negli anni abbiamo creato relazioni con gli influencer basate sulla fiducia e su un contatto continuo. Conosciamo aspetti tecnici e creativi che facilitano lo sviluppo di progetti interessanti, credibili e performanti.<br \/>\n<\/span>[\/vc_column_text][vc_empty_space height=&#8221;85px&#8221;][\/vc_column][\/vc_row][vc_row gap=&#8221;15&#8243;][vc_column offset=&#8221;vc_hidden-lg vc_hidden-md vc_hidden-sm&#8221;][vc_single_image image=&#8221;1125&#8243; img_size=&#8221;full&#8221; css=&#8221;.vc_custom_1561561003070{margin-bottom: -8px !important;border-bottom-width: 0px !important;padding-bottom: 0px !important;}&#8221;][\/vc_column][\/vc_row][vc_row gap=&#8221;15&#8243; css=&#8221;.vc_custom_1560176767023{margin-right: 0px !important;margin-left: 0px !important;background-color: #c3a291 !important;}&#8221;][vc_column offset=&#8221;vc_hidden-lg vc_hidden-md vc_hidden-sm&#8221;][vc_column_text css=&#8221;.vc_custom_1562223854989{margin-top: 0px !important;margin-bottom: 16px !important;border-top-width: 0px !important;border-bottom-width: 0px !important;padding-top: 0px !important;padding-bottom: 0px !important;padding-left: 4% !important;}&#8221;]<span style=\"color: #ffffff;\">Il valore aggiunto di MIA nel mondo social:<br \/>\n<\/span>[\/vc_column_text][vc_column_text css=&#8221;.vc_custom_1562223931928{margin-bottom: 16px !important;border-bottom-width: 0px !important;padding-top: 2% !important;padding-bottom: 0px !important;padding-left: 4% !important;}&#8221;]<span style=\"color: #ffffff;\">Negli anni abbiamo creato relazioni con gli influencer basate sulla fiducia e su un contatto continuo. Conosciamo aspetti tecnici e creativi che facilitano lo sviluppo di progetti interessanti, credibili e performanti.<br \/>\n<\/span>[\/vc_column_text][vc_empty_space height=&#8221;16px&#8221;][\/vc_column][\/vc_row][vc_row css=&#8221;.vc_custom_1559832064953{margin-top: 0px !important;border-top-width: 0px !important;padding-top: 0px !important;}&#8221;][vc_column width=&#8221;1\/2&#8243; css=&#8221;.vc_custom_1561565700313{margin-left: -15px !important;padding-right: 15px !important;}&#8221; offset=&#8221;vc_hidden-sm vc_hidden-xs&#8221;][\/vc_column][vc_column width=&#8221;1\/2&#8243; css=&#8221;.vc_custom_1561565695932{margin-top: 0px !important;margin-left: 8px !important;border-top-width: 0px !important;border-left-width: 0px !important;padding-top: 0px !important;padding-left: 0px !important;}&#8221; offset=&#8221;vc_hidden-sm vc_hidden-xs&#8221;][vc_tta_accordion color=&#8221;vista-blue&#8221; c_icon=&#8221;chevron&#8221; active_section=&#8221;1&#8243; css=&#8221;.vc_custom_1559833245222{margin-top: 0px !important;margin-bottom: 0px !important;border-top-width: 0px !important;padding-top: 0px !important;}&#8221;][vc_tta_section title=&#8221;Perch\u00e9 un influencer per il tuo marchio?&#8221; tab_id=&#8221;1559820986590-d51b3236-891b8ce6-8b58&#8243;][vc_column_text]Che dubbio c&#8217;\u00e8 che sempre pi\u00f9 di pi\u00f9 agenzie e marchi vogliono lavorare con persone influenti in reti sociali per sviluppare le loro strategie di marketing. E che \u00e8 dimostrato che le campagne con \u00a0influencers generano pi\u00f9 ricordi, notoriet\u00e0 e potere di prescrizione.<\/p>\n<p>Gli influencers sanno connettere con l&#8217;udienza e questo, in fin dei conti, \u00e8 l&#8217;obiettivo.[\/vc_column_text][\/vc_tta_section][vc_tta_section title=&#8221;MIA &amp; Social Media&#8221; tab_id=&#8221;1559820986680-ab8bb78c-f9468ce6-8b58&#8243;][vc_column_text]In MIA sviluppiamo, passo a passo, tutte le strategie digitali con influencers.<\/p>\n<p>Ti raccomandiamo gli influencers pi\u00f9 adeguati per il tuo marchio -siano top o microinfluencers e sia quale sia il territorio- apportiamo raccomandazioni al briefing di agenzia, frutto della nostra esperienza con influencers.<\/p>\n<ul>\n<li>Studiamo e proponiamo le azioni che si adattano meglio con il profilo dell&#8217;influencer e dell&#8217;udienza che si desidera impattare.<\/li>\n<li>Contattiamo con l&#8217;influencer, trattiamo le condizioni dell&#8217;accordo, i contenuti, il numero di azioni \u2026<\/li>\n<li>Controlliamo il materiale composto e chiudiamo il calendario.<\/li>\n<li>Finalmente, con le statistiche ottenute, realizziamo un rapporto completo con i risultati.<\/li>\n<\/ul>\n<p>[\/vc_column_text][\/vc_tta_section][\/vc_tta_accordion][vc_custom_heading text=&#8221;-&gt; Vuole conoscere la nostra gestione di Talent Agency?&#8221; font_container=&#8221;tag:h1|font_size:18|text_align:left|color:%23e51147&#8243; use_theme_fonts=&#8221;yes&#8221; link=&#8221;url:https%3A%2F%2Fwww.mia-international.es%2Fit%2Ftalent-agency%2F|title:Talent%20Agency||&#8221; css=&#8221;.vc_custom_1561968196304{margin-top: -3px !important;margin-left: 25px !important;padding-top: -10px !important;padding-bottom: 15px !important;}&#8221;][vc_custom_heading text=&#8221;-&gt; Vuoi conoscere la nostra area di Produzione?&#8221; font_container=&#8221;tag:h1|font_size:18|text_align:left|color:%23e51147&#8243; use_theme_fonts=&#8221;yes&#8221; link=&#8221;url:https%3A%2F%2Fwww.mia-international.es%2Fit%2Fproduttrice%2F|title:Productora||&#8221; css=&#8221;.vc_custom_1561968208894{margin-left: 25px !important;}&#8221;][\/vc_column][\/vc_row][vc_row css=&#8221;.vc_custom_1559832064953{margin-top: 0px !important;border-top-width: 0px !important;padding-top: 0px !important;}&#8221;][vc_column width=&#8221;1\/2&#8243; css=&#8221;.vc_custom_1561565691273{margin-left: -15px !important;padding-right: 15px !important;}&#8221; offset=&#8221;vc_hidden-lg vc_hidden-md&#8221;][\/vc_column][vc_column width=&#8221;1\/2&#8243; css=&#8221;.vc_custom_1562141325542{margin-top: 0px !important;border-top-width: 0px !important;border-left-width: 0px !important;padding-top: 0px !important;padding-left: 0px !important;}&#8221; offset=&#8221;vc_hidden-lg vc_hidden-md&#8221;][vc_tta_accordion color=&#8221;vista-blue&#8221; c_icon=&#8221;chevron&#8221; active_section=&#8221;1&#8243; css=&#8221;.vc_custom_1559833245222{margin-top: 0px !important;margin-bottom: 0px !important;border-top-width: 0px !important;padding-top: 0px !important;}&#8221;][vc_tta_section title=&#8221;Perch\u00e9 un influencer per il tuo marchio?&#8221; tab_id=&#8221;1561565681296-cb9d1125-21c9&#8243;][vc_column_text]Che dubbio c&#8217;\u00e8 che sempre pi\u00f9 di pi\u00f9 agenzie e marchi vogliono lavorare con persone influenti in reti sociali per sviluppare le loro strategie di marketing. E che \u00e8 dimostrato che le campagne con \u00a0influencers generano pi\u00f9 ricordi, notoriet\u00e0 e potere di prescrizione.<\/p>\n<p>Gli influencers sanno connettere con l&#8217;udienza e questo, in fin dei conti, \u00e8 l&#8217;obiettivo.[\/vc_column_text][\/vc_tta_section][vc_tta_section title=&#8221;MIA &amp; Social Media&#8221; tab_id=&#8221;1561565681455-fd4cc715-f75c&#8221;][vc_column_text]In MIA sviluppiamo, passo a passo, tutte le strategie digitali con influencers.<\/p>\n<p>Ti raccomandiamo gli influencers pi\u00f9 adeguati per il tuo marchio -siano top o microinfluencers e sia quale sia il territorio- apportiamo raccomandazioni al briefing di agenzia, frutto della nostra esperienza con influencers.<\/p>\n<ul>\n<li>Studiamo e proponiamo le azioni che si adattano meglio con il profilo dell&#8217;influencer e dell&#8217;udienza che si desidera impattare.<\/li>\n<li>Contattiamo con l&#8217;influencer, trattiamo le condizioni dell&#8217;accordo, i contenuti, il numero di azioni \u2026<\/li>\n<li>Controlliamo il materiale composto e chiudiamo il calendario.<\/li>\n<li>Finalmente, con le statistiche ottenute, realizziamo un rapporto completo con i risultati.<\/li>\n<\/ul>\n<p>[\/vc_column_text][\/vc_tta_section][\/vc_tta_accordion][vc_custom_heading text=&#8221;-&gt; Vuole conoscere la nostra gestione di Talent Agency?&#8221; font_container=&#8221;tag:h1|font_size:18|text_align:left|color:%23e51147&#8243; use_theme_fonts=&#8221;yes&#8221; link=&#8221;url:https%3A%2F%2Fwww.mia-international.es%2Ftalent-agency%2F|title:Talent%20Agency||&#8221; css=&#8221;.vc_custom_1561968221861{margin-top: -3px !important;margin-left: 25px !important;padding-top: -10px !important;padding-bottom: 15px !important;}&#8221;][vc_custom_heading text=&#8221;-&gt; Vuoi conoscere la nostra area di Produzione?&#8221; font_container=&#8221;tag:h1|font_size:18|text_align:left|color:%23e51147&#8243; use_theme_fonts=&#8221;yes&#8221; link=&#8221;url:https%3A%2F%2Fwww.mia-international.es%2Fit%2Fproduttrice%2F|title:Productora||&#8221; css=&#8221;.vc_custom_1561968233093{margin-left: 25px !important;}&#8221;][\/vc_column][\/vc_row][vc_row][vc_column css=&#8221;.vc_custom_1559812282760{margin-bottom: 8px !important;}&#8221;][vc_empty_space height=&#8221;22px&#8221;][\/vc_column][\/vc_row][vc_row css=&#8221;.vc_custom_1559812942078{margin-bottom: 0px !important;border-bottom-width: 0px !important;padding-bottom: 0px !important;}&#8221;][vc_column][vc_separator color=&#8221;custom&#8221; accent_color=&#8221;#64656a&#8221;][vc_single_image image=&#8221;1527&#8243; img_size=&#8221;full&#8221; alignment=&#8221;center&#8221; onclick=&#8221;custom_link&#8221; css=&#8221;.vc_custom_1562060064098{margin-top: 70px !important;margin-bottom: 70px !important;}&#8221; link=&#8221;https:\/\/www.mia-international.es\/it\/contatto\/&#8221;][\/vc_column][\/vc_row][vc_row][vc_column width=&#8221;5\/6&#8243; offset=&#8221;vc_hidden-xs&#8221;][vc_separator color=&#8221;custom&#8221; accent_color=&#8221;#64656a&#8221;][vc_column_text]<\/p>\n<p style=\"font-size: 13px;\">2019 \u00a9 MIA REPRESENTACIONES. <a href=\"https:\/\/www.mia-international.es\/it\/politica-di-privacy\/\">Politica di privacy.<\/a> <a href=\"https:\/\/www.mia-international.es\/it\/avviso-legale\/\">Avviso legale.<\/a><\/p>\n<p>[\/vc_column_text][vc_empty_space height=&#8221;64px&#8221;][\/vc_column][vc_column width=&#8221;1\/6&#8243; css=&#8221;.vc_custom_1560176846063{margin-top: -25px !important;border-top-width: 0px !important;padding-top: 0px !important;}&#8221; offset=&#8221;vc_hidden-xs&#8221;][vc_single_image image=&#8221;159&#8243; img_size=&#8221;&#8221; alignment=&#8221;right&#8221;][\/vc_column][\/vc_row][vc_row][vc_column offset=&#8221;vc_hidden-lg vc_hidden-md vc_hidden-sm&#8221;][vc_separator color=&#8221;custom&#8221; accent_color=&#8221;#64656a&#8221;][vc_column_text]<\/p>\n<p style=\"font-size: 13px;\">2019 \u00a9 MIA REPRESENTACIONES.<br \/>\n<a href=\"https:\/\/www.mia-international.es\/it\/politica-di-privacy\/\">Politica di privacy.<\/a> <a href=\"https:\/\/www.mia-international.es\/it\/avviso-legale\/\">Avviso legale.<\/a><\/p>\n<p>[\/vc_column_text][vc_single_image image=&#8221;569&#8243; img_size=&#8221;&#8221;][\/vc_column][\/vc_row]<\/p>\n<\/div>","protected":false},"excerpt":{"rendered":"<p>[vc_row][vc_column css=&#8221;.vc_custom_1559812282760{margin-bottom: 8px !important;}&#8221;][vc_custom_heading text=&#8221;Social Media&#8221; font_container=&#8221;tag:h1|font_size:36|text_align:center|color:%2364656a&#8221; use_theme_fonts=&#8221;yes&#8221;][vc_row_inner][vc_column_inner width=&#8221;1\/6&#8243;][\/vc_column_inner][vc_column_inner width=&#8221;2\/3&#8243;][vc_custom_heading text=&#8221;Svolgiamo un ruolo di mediazione tra Brand e celebrities, artisti, sportivi, influencer&#8221; font_container=&#8221;tag:h5|text_align:center|color:%2364656a&#8221; google_fonts=&#8221;font_family:Nunito%3A300%2Cregular%2C700|font_style:400%20regular%3A400%3Anormal&#8221;][\/vc_column_inner][vc_column_inner width=&#8221;1\/6&#8243;][\/vc_column_inner][\/vc_row_inner][\/vc_column][\/vc_row][vc_row][vc_column css=&#8221;.vc_custom_1559812282760{margin-bottom: 8px !important;}&#8221;][vc_empty_space height=&#8221;30px&#8221;][\/vc_column][\/vc_row][vc_row gap=&#8221;15&#8243;][vc_column width=&#8221;1\/2&#8243; offset=&#8221;vc_hidden-sm vc_hidden-xs&#8221;][vc_single_image image=&#8221;1125&#8243; img_size=&#8221;full&#8221;][\/vc_column][vc_column width=&#8221;1\/2&#8243; css=&#8221;.vc_custom_1561565656857{margin-bottom: 0px !important;margin-left: -15px !important;border-bottom-width: 0px !important;padding-right: 15px !important;padding-bottom: 0px !important;background-color: #c3a291 !important;}&#8221; offset=&#8221;vc_hidden-sm vc_hidden-xs&#8221;][vc_column_text css=&#8221;.vc_custom_1562223841588{margin-bottom: 16px !important;border-bottom-width: 0px&hellip;<\/p>\n","protected":false},"author":1,"featured_media":0,"parent":0,"menu_order":0,"comment_status":"closed","ping_status":"closed","template":"","meta":{"_acf_changed":false,"footnotes":""},"class_list":["post-1315","page","type-page","status-publish","hentry"],"acf":[],"_links":{"self":[{"href":"https:\/\/www.mia-international.es\/it\/wp-json\/wp\/v2\/pages\/1315","targetHints":{"allow":["GET"]}}],"collection":[{"href":"https:\/\/www.mia-international.es\/it\/wp-json\/wp\/v2\/pages"}],"about":[{"href":"https:\/\/www.mia-international.es\/it\/wp-json\/wp\/v2\/types\/page"}],"author":[{"embeddable":true,"href":"https:\/\/www.mia-international.es\/it\/wp-json\/wp\/v2\/users\/1"}],"replies":[{"embeddable":true,"href":"https:\/\/www.mia-international.es\/it\/wp-json\/wp\/v2\/comments?post=1315"}],"version-history":[{"count":21,"href":"https:\/\/www.mia-international.es\/it\/wp-json\/wp\/v2\/pages\/1315\/revisions"}],"predecessor-version":[{"id":1666,"href":"https:\/\/www.mia-international.es\/it\/wp-json\/wp\/v2\/pages\/1315\/revisions\/1666"}],"wp:attachment":[{"href":"https:\/\/www.mia-international.es\/it\/wp-json\/wp\/v2\/media?parent=1315"}],"curies":[{"name":"wp","href":"https:\/\/api.w.org\/{rel}","templated":true}]}}