{"id":1289,"date":"2019-06-06T16:16:43","date_gmt":"2019-06-06T14:16:43","guid":{"rendered":"https:\/\/www.mia-international.es\/talent-agency\/"},"modified":"2019-07-04T08:46:54","modified_gmt":"2019-07-04T06:46:54","slug":"talent-agency","status":"publish","type":"page","link":"https:\/\/www.mia-international.es\/it\/talent-agency\/","title":{"rendered":"Talent Agency"},"content":{"rendered":"<div class=\"wpb-content-wrapper\"><p>[vc_row][vc_column css=&#8221;.vc_custom_1561562272663{margin-bottom: 8px !important;}&#8221; offset=&#8221;vc_hidden-sm vc_hidden-xs&#8221;][vc_custom_heading text=&#8221;Talent Agency&#8221; font_container=&#8221;tag:h1|font_size:36|text_align:center|color:%2364656a&#8221; use_theme_fonts=&#8221;yes&#8221;][vc_row_inner][vc_column_inner width=&#8221;1\/6&#8243;][\/vc_column_inner][vc_column_inner width=&#8221;2\/3&#8243;][vc_custom_heading text=&#8221;Scouting, negoziazione e mediazione affinch\u00e9 i vostri progetti<br \/>\ncon celebrities diventino realt\u00e0&#8221; font_container=&#8221;tag:h5|text_align:center|color:%2364656a&#8221; google_fonts=&#8221;font_family:Nunito%3A300%2Cregular%2C700|font_style:400%20regular%3A400%3Anormal&#8221;][\/vc_column_inner][vc_column_inner width=&#8221;1\/6&#8243;][\/vc_column_inner][\/vc_row_inner][\/vc_column][\/vc_row][vc_row][vc_column css=&#8221;.vc_custom_1561562268452{margin-bottom: 8px !important;}&#8221; offset=&#8221;vc_hidden-lg vc_hidden-md&#8221;][vc_custom_heading text=&#8221;Talent Agency&#8221; font_container=&#8221;tag:h1|font_size:36|text_align:center|color:%2364656a&#8221; use_theme_fonts=&#8221;yes&#8221;][vc_row_inner][vc_column_inner width=&#8221;1\/6&#8243;][\/vc_column_inner][vc_column_inner width=&#8221;2\/3&#8243;][vc_custom_heading text=&#8221;Scouting, negoziazione e mediazione affinch\u00e9 i vostri progetti con celebrities diventino realt\u00e0&#8221; font_container=&#8221;tag:h5|text_align:center|color:%2364656a&#8221; google_fonts=&#8221;font_family:Nunito%3A300%2Cregular%2C700|font_style:400%20regular%3A400%3Anormal&#8221;][\/vc_column_inner][vc_column_inner width=&#8221;1\/6&#8243;][\/vc_column_inner][\/vc_row_inner][\/vc_column][\/vc_row][vc_row][vc_column css=&#8221;.vc_custom_1559812282760{margin-bottom: 8px !important;}&#8221;][vc_empty_space height=&#8221;30px&#8221;][\/vc_column][\/vc_row][vc_row gap=&#8221;15&#8243;][vc_column width=&#8221;1\/2&#8243; offset=&#8221;vc_hidden-sm vc_hidden-xs&#8221;][vc_single_image image=&#8221;525&#8243; img_size=&#8221;full&#8221;][\/vc_column][vc_column width=&#8221;1\/2&#8243; css=&#8221;.vc_custom_1561475872180{margin-bottom: 0px !important;margin-left: -15px !important;border-bottom-width: 0px !important;padding-right: 15px !important;padding-bottom: 0px !important;background-color: #e51147 !important;}&#8221; offset=&#8221;vc_hidden-sm vc_hidden-xs&#8221;][vc_column_text css=&#8221;.vc_custom_1562222241366{margin-bottom: 16px !important;border-bottom-width: 0px !important;padding-top: 2% !important;padding-bottom: 0px !important;padding-left: 4% !important;}&#8221;]<\/p>\n<p class=\"p1\"><span style=\"color: #ffffff;\">Con esperienza, professionalit\u00e0 e trasparenza intercediamo tra marchi e celebrities per assicurare accordi chiari ed efficenti per creare insieme campagne di successo.<br \/>\n<\/span><\/p>\n<p>[\/vc_column_text][vc_column_text css=&#8221;.vc_custom_1562222434667{margin-bottom: 16px !important;border-bottom-width: 0px !important;padding-top: 2% !important;padding-bottom: 0px !important;padding-left: 4% !important;}&#8221;]<\/p>\n<p class=\"p1\"><span style=\"color: #ffffff;\">I nostri servizi includono:<br \/>\n<\/span><\/p>\n<ul>\n<li><span style=\"color: #ffffff;\">Consulenza, gestione e contrattazione per eventi<\/span><\/li>\n<li><span style=\"color: #ffffff;\">Scouting e ricerca di talenti e celebrities<\/span><\/li>\n<li><span style=\"color: #ffffff;\">Scrittura contrattuale ed esecuzione<\/span><\/li>\n<li><span style=\"color: #ffffff;\">Contrattazione<\/span><\/li>\n<li><span style=\"color: #ffffff;\">Consulenza legale<\/span><\/li>\n<\/ul>\n<p>[\/vc_column_text][vc_empty_space height=&#8221;121px&#8221;][\/vc_column][\/vc_row][vc_row gap=&#8221;15&#8243;][vc_column width=&#8221;1\/2&#8243; offset=&#8221;vc_hidden-lg vc_hidden-md vc_hidden-xs&#8221;][vc_single_image image=&#8221;1046&#8243; img_size=&#8221;full&#8221; alignment=&#8221;right&#8221;][\/vc_column][vc_column width=&#8221;1\/2&#8243; css=&#8221;.vc_custom_1561476197910{margin-bottom: 0px !important;margin-left: -15px !important;border-bottom-width: 0px !important;padding-right: 15px !important;padding-bottom: 0px !important;padding-left: 15px !important;background-color: #e51147 !important;}&#8221; offset=&#8221;vc_hidden-lg vc_hidden-md vc_hidden-xs&#8221;][vc_column_text css=&#8221;.vc_custom_1562222251153{margin-top: 6px !important;margin-bottom: 16px !important;border-bottom-width: 0px !important;padding-top: 1% !important;padding-bottom: 0px !important;}&#8221;]<\/p>\n<p class=\"p1\"><span style=\"color: #ffffff;\">Con esperienza, professionalit\u00e0 e trasparenza intercediamo tra marchi e celebrities per assicurare accordi chiari ed efficenti per creare insieme campagne di successo.<br \/>\n<\/span><\/p>\n<p>[\/vc_column_text][vc_column_text css=&#8221;.vc_custom_1562222456501{margin-bottom: 16px !important;border-bottom-width: 0px !important;padding-top: 2% !important;padding-bottom: 0px !important;}&#8221;]<\/p>\n<p class=\"p1\"><span style=\"color: #ffffff;\">I nostri servizi includono:<br \/>\n<\/span><\/p>\n<ul>\n<li><span style=\"color: #ffffff;\">Consulenza, gestione e contrattazione per eventi<\/span><\/li>\n<li><span style=\"color: #ffffff;\">Scouting e ricerca di talenti e celebrities<\/span><\/li>\n<li><span style=\"color: #ffffff;\">Scrittura contrattuale ed esecuzione<\/span><\/li>\n<li><span style=\"color: #ffffff;\">Contrattazione<\/span><\/li>\n<li><span style=\"color: #ffffff;\">Consulenza legale<\/span><\/li>\n<\/ul>\n<p>[\/vc_column_text][vc_empty_space height=&#8221;88px&#8221;][\/vc_column][\/vc_row][vc_row gap=&#8221;15&#8243;][vc_column offset=&#8221;vc_hidden-lg vc_hidden-md vc_hidden-sm&#8221;][vc_single_image image=&#8221;525&#8243; img_size=&#8221;full&#8221; css=&#8221;.vc_custom_1560176129322{margin-bottom: -8px !important;border-bottom-width: 0px !important;padding-bottom: 0px !important;}&#8221;][\/vc_column][\/vc_row][vc_row gap=&#8221;15&#8243; css=&#8221;.vc_custom_1560176023837{margin-right: 0px !important;margin-left: 0px !important;background-color: #e51147 !important;}&#8221;][vc_column offset=&#8221;vc_hidden-lg vc_hidden-md vc_hidden-sm&#8221;][vc_column_text css=&#8221;.vc_custom_1562222257621{margin-top: -2px !important;margin-bottom: 16px !important;border-top-width: 0px !important;border-bottom-width: 0px !important;padding-top: 0px !important;padding-bottom: 0px !important;padding-left: 4% !important;}&#8221;]<\/p>\n<p class=\"p1\"><span style=\"color: #ffffff;\">Con esperienza, professionalit\u00e0 e trasparenza intercediamo tra marchi e celebrities per assicurare accordi chiari ed efficenti per creare insieme campagne di successo.<br \/>\n<\/span><\/p>\n<p>[\/vc_column_text][vc_column_text css=&#8221;.vc_custom_1562222468517{margin-bottom: 16px !important;border-bottom-width: 0px !important;padding-top: 2% !important;padding-bottom: 0px !important;padding-left: 4% !important;}&#8221;]<\/p>\n<p class=\"p1\"><span style=\"color: #ffffff;\">I nostri servizi includono:<br \/>\n<\/span><\/p>\n<ul>\n<li><span style=\"color: #ffffff;\">Consulenza, gestione e contrattazione per eventi<\/span><\/li>\n<li><span style=\"color: #ffffff;\">Scouting e ricerca di talenti e celebrities<\/span><\/li>\n<li><span style=\"color: #ffffff;\">Scrittura contrattuale ed esecuzione<\/span><\/li>\n<li><span style=\"color: #ffffff;\">Contrattazione<\/span><\/li>\n<li><span style=\"color: #ffffff;\">Consulenza legale<\/span><\/li>\n<\/ul>\n<p>[\/vc_column_text][vc_empty_space height=&#8221;16px&#8221;][\/vc_column][\/vc_row][vc_row css=&#8221;.vc_custom_1559832064953{margin-top: 0px !important;border-top-width: 0px !important;padding-top: 0px !important;}&#8221;][vc_column width=&#8221;1\/2&#8243; css=&#8221;.vc_custom_1561476647664{margin-left: -15px !important;padding-right: 15px !important;}&#8221; offset=&#8221;vc_hidden-sm&#8221;][\/vc_column][vc_column width=&#8221;1\/2&#8243; css=&#8221;.vc_custom_1561476643671{margin-top: 0px !important;margin-left: 8px !important;border-top-width: 0px !important;border-left-width: 0px !important;padding-top: 0px !important;padding-left: 0px !important;}&#8221; offset=&#8221;vc_hidden-sm&#8221;][vc_tta_accordion color=&#8221;vista-blue&#8221; c_icon=&#8221;chevron&#8221; active_section=&#8221;1&#8243; css=&#8221;.vc_custom_1559833245222{margin-top: 0px !important;margin-bottom: 0px !important;border-top-width: 0px !important;padding-top: 0px !important;}&#8221;][vc_tta_section title=&#8221;Perch\u00e9 una celebrity?&#8221; tab_id=&#8221;1559820986590-d51b3236-891b8ce6-8b58&#8243;][vc_column_text]Certamente, l&#8217;intervento di un personaggio conosciuto come prescrittore di un marchio o servizio, non \u00e8 niente nuovo in pubblicit\u00e0. La presenza di famosi in campagne pubblicitarie \u00e8 un ricorso abituale e sempre pi\u00f9 frequente. Secondo studi recenti (Personality Media 2018) la notoriet\u00e0 del marchio pu\u00f2 vedersi incrementata fino ad un 25%. Inoltre, la presenza di una celebrity rinforza l&#8217;immagine e posizionamento del marchio e le differenze della sua competenza.[\/vc_column_text][\/vc_tta_section][vc_tta_section title=&#8221;Il ruolo di MIA come Talent Agency&#8221; tab_id=&#8221;1559820986680-ab8bb78c-f9468ce6-8b58&#8243;][vc_column_text]Tutti sanno che i rapporti con le celebrities non sempre sono facili. Anche che la selezione di una celebrity poco adeguata pu\u00f2 avere una ripercussione negativa per il marchio.<\/p>\n<p>Per ultimo, la proliferazione di agenzie e rappresentanti fa s\u00ec che la ricerca e la contrattazione della persona adeguata sia sempre pi\u00f9 complessa.<\/p>\n<p>Per tutto ci\u00f2 il ruolo di MIA \u00e8 il modo di assicurarsi il successo del progetto.<\/p>\n<p>Agiamo come un nesso di unione tra le parti in questo complicato processo nel quale si inverte una grande quantit\u00e0 di tempo e di risorse economiche e per questo i nostri servizi sono sempre redditizi. Cos\u00ec lo conferma il fatto che il nostro portafoglio di clienti \u00e8 sommamente fedele e in continua crescita.[\/vc_column_text][\/vc_tta_section][vc_tta_section title=&#8221;Vantaggi di MIA Talent Agency&#8221; tab_id=&#8221;1559820986770-2c3470da-e6a28ce6-8b58&#8243;][vc_column_text]Conosciamo il settore, essere trasparenti con le parti \u00e8 la nostra forma di assicurarci il successo del progetto. Il nostro cammino professionale \u00e8 iniziato dal lato dei marchi, per cui la cosa pi\u00f9 importante, \u00e8 che capiamo le vostre necessit\u00e0.<\/p>\n<p>Al di l\u00e0 della proiezione pubblica delle celebrities, conosciamo il loro coinvolgimento reale per cui ci sentiamo in disposizione di raccomandare e consigliare per una migliore selezione.<\/p>\n<p>Sappiamo che le celebrities si devono sentire integrate nel progetto e facciamo il tutto perch\u00e9 questo sia cos\u00ec, agendo con professionalit\u00e0 e guadagnando la loro fiducia.<\/p>\n<p>Capiamo i complessi legali in trattative di questo tipo, per cui teniamo in considerazione tutti gli aspetti necessari per il successo del progetto.<\/p>\n<p>In qualunque luogo del mondo. Con uffici a Madrid e Milano e grazie all&#8217;alleanza con \u00a0TMA possiamo intraprendere progetti internazionali con celebrities di qualunque paese.[\/vc_column_text][\/vc_tta_section][\/vc_tta_accordion][vc_custom_heading text=&#8221;-&gt; Vuoi conoscere la nostra area di Produzione?&#8221; font_container=&#8221;tag:h1|font_size:18|text_align:left|color:%2364656a&#8221; use_theme_fonts=&#8221;yes&#8221; link=&#8221;url:https%3A%2F%2Fwww.mia-international.es%2Fit%2Fproduttrice%2F|title:Productora||&#8221; css=&#8221;.vc_custom_1562049008993{margin-top: -3px !important;margin-left: 25px !important;padding-top: -10px !important;padding-bottom: 15px !important;}&#8221;][vc_custom_heading text=&#8221;-&gt; Vuoi conoscere la nostra area di Social Media?&#8221; font_container=&#8221;tag:h1|font_size:18|text_align:left|color:%2364656a&#8221; use_theme_fonts=&#8221;yes&#8221; link=&#8221;url:https%3A%2F%2Fwww.mia-international.es%2Fit%2Fsocial-media%2F|title:Productora||&#8221; css=&#8221;.vc_custom_1562048995461{margin-left: 25px !important;}&#8221;][\/vc_column][\/vc_row][vc_row css=&#8221;.vc_custom_1559832064953{margin-top: 0px !important;border-top-width: 0px !important;padding-top: 0px !important;}&#8221;][vc_column width=&#8221;1\/2&#8243; css=&#8221;.vc_custom_1561476639438{margin-left: -15px !important;padding-right: 15px !important;}&#8221; offset=&#8221;vc_hidden-lg vc_hidden-md vc_hidden-xs&#8221;][\/vc_column][vc_column width=&#8221;1\/2&#8243; css=&#8221;.vc_custom_1561476707660{margin-top: 0px !important;margin-left: -15px !important;border-top-width: 0px !important;border-left-width: 0px !important;padding-top: 0px !important;padding-left: 0px !important;}&#8221; offset=&#8221;vc_hidden-lg vc_hidden-md vc_hidden-xs&#8221;][vc_tta_accordion color=&#8221;vista-blue&#8221; c_icon=&#8221;chevron&#8221; active_section=&#8221;1&#8243; css=&#8221;.vc_custom_1559833245222{margin-top: 0px !important;margin-bottom: 0px !important;border-top-width: 0px !important;padding-top: 0px !important;}&#8221;][vc_tta_section title=&#8221;Perch\u00e9 una celebrity?&#8221; tab_id=&#8221;1561476625972-892e6a31-d83b&#8221;][vc_column_text]Certamente, l&#8217;intervento di un personaggio conosciuto come prescrittore di un marchio o servizio, non \u00e8 niente nuovo in pubblicit\u00e0. La presenza di famosi in campagne pubblicitarie \u00e8 un ricorso abituale e sempre pi\u00f9 frequente. Secondo studi recenti (Personality Media 2018) la notoriet\u00e0 del marchio pu\u00f2 vedersi incrementata fino ad un 25%. Inoltre, la presenza di una celebrity rinforza l&#8217;immagine e posizionamento del marchio e le differenze della sua competenza.[\/vc_column_text][\/vc_tta_section][vc_tta_section title=&#8221;Il ruolo di MIA come Talent Agency&#8221; tab_id=&#8221;1561476626129-1735cdf6-46e9&#8243;][vc_column_text]Tutti sanno che i rapporti con le celebrities non sempre sono facili. Anche che la selezione di una celebrity poco adeguata pu\u00f2 avere una ripercussione negativa per il marchio.<\/p>\n<p>Per ultimo, la proliferazione di agenzie e rappresentanti fa s\u00ec che la ricerca e la contrattazione della persona adeguata sia sempre pi\u00f9 complessa.<\/p>\n<p>Per tutto ci\u00f2 il ruolo di MIA \u00e8 il modo di assicurarsi il successo del progetto.<\/p>\n<p>Agiamo come un nesso di unione tra le parti in questo complicato processo nel quale si inverte una grande quantit\u00e0 di tempo e di risorse economiche e per questo i nostri servizi sono sempre redditizi. Cos\u00ec lo conferma il fatto che il nostro portafoglio di clienti \u00e8 sommamente fedele e in continua crescita.[\/vc_column_text][\/vc_tta_section][vc_tta_section title=&#8221;Vantaggi di MIA Talent Agency&#8221; tab_id=&#8221;1561476626272-87cb18ce-1ac9&#8243;][vc_column_text]Conosciamo il settore, essere trasparenti con le parti \u00e8 la nostra forma di assicurarci il successo del progetto. Il nostro cammino professionale \u00e8 iniziato dal lato dei marchi, per cui la cosa pi\u00f9 importante, \u00e8 che capiamo le vostre necessit\u00e0.<\/p>\n<p>Al di l\u00e0 della proiezione pubblica delle celebrities, conosciamo il loro coinvolgimento reale per cui ci sentiamo in disposizione di raccomandare e consigliare per una migliore selezione.<\/p>\n<p>Sappiamo che le celebrities si devono sentire integrate nel progetto e facciamo il tutto perch\u00e9 questo sia cos\u00ec, agendo con professionalit\u00e0 e guadagnando la loro fiducia.<\/p>\n<p>Capiamo i complessi legali in trattative di questo tipo, per cui teniamo in considerazione tutti gli aspetti necessari per il successo del progetto.<\/p>\n<p>In qualunque luogo del mondo. Con uffici a Madrid e Milano e grazie all&#8217;alleanza con \u00a0TMA possiamo intraprendere progetti internazionali con celebrities di qualunque paese.[\/vc_column_text][\/vc_tta_section][\/vc_tta_accordion][vc_custom_heading text=&#8221;-&gt; Vuoi conoscere la nostra area di Produzione?&#8221; font_container=&#8221;tag:h1|font_size:18|text_align:left|color:%2364656a&#8221; use_theme_fonts=&#8221;yes&#8221; link=&#8221;url:https%3A%2F%2Fwww.mia-international.es%2Fit%2Fproduttrice%2F|title:Productora||&#8221; css=&#8221;.vc_custom_1562049014765{margin-top: -3px !important;margin-left: 25px !important;padding-top: -10px !important;padding-bottom: 15px !important;}&#8221;][vc_custom_heading text=&#8221;-&gt; Vuoi conoscere la nostra area di Social Media?&#8221; font_container=&#8221;tag:h1|font_size:18|text_align:left|color:%2364656a&#8221; use_theme_fonts=&#8221;yes&#8221; link=&#8221;url:https%3A%2F%2Fwww.mia-international.es%2Fit%2Fsocial-media%2F|title:Productora||&#8221; css=&#8221;.vc_custom_1562048989938{margin-left: 25px !important;}&#8221;][\/vc_column][\/vc_row][vc_row][vc_column css=&#8221;.vc_custom_1559812282760{margin-bottom: 8px !important;}&#8221;][vc_empty_space height=&#8221;22px&#8221;][\/vc_column][\/vc_row][vc_row css=&#8221;.vc_custom_1559812942078{margin-bottom: 0px !important;border-bottom-width: 0px !important;padding-bottom: 0px !important;}&#8221;][vc_column][vc_separator color=&#8221;custom&#8221; accent_color=&#8221;#64656a&#8221;][vc_single_image image=&#8221;1527&#8243; img_size=&#8221;full&#8221; alignment=&#8221;center&#8221; onclick=&#8221;custom_link&#8221; css=&#8221;.vc_custom_1562059938685{margin-top: 70px !important;margin-bottom: 70px !important;}&#8221; link=&#8221;https:\/\/www.mia-international.es\/it\/contatto\/&#8221;][\/vc_column][\/vc_row][vc_row][vc_column width=&#8221;5\/6&#8243; offset=&#8221;vc_hidden-xs&#8221;][vc_separator color=&#8221;custom&#8221; accent_color=&#8221;#64656a&#8221;][vc_column_text]<\/p>\n<p style=\"font-size: 13px;\">2019 \u00a9 MIA REPRESENTACIONES. <a href=\"https:\/\/www.mia-international.es\/it\/politica-di-privacy\/\">Politica di privacy.<\/a> <a href=\"https:\/\/www.mia-international.es\/it\/avviso-legale\/\">Avviso legale.<\/a><\/p>\n<p>[\/vc_column_text][vc_empty_space height=&#8221;64px&#8221;][\/vc_column][vc_column width=&#8221;1\/6&#8243; css=&#8221;.vc_custom_1560175299110{margin-top: -25px !important;border-top-width: 0px !important;padding-top: 0px !important;}&#8221; offset=&#8221;vc_hidden-xs&#8221;][vc_single_image image=&#8221;159&#8243; img_size=&#8221;&#8221; alignment=&#8221;right&#8221;][\/vc_column][\/vc_row][vc_row][vc_column offset=&#8221;vc_hidden-lg vc_hidden-md vc_hidden-sm&#8221;][vc_separator color=&#8221;custom&#8221; accent_color=&#8221;#64656a&#8221;][vc_column_text]<\/p>\n<p style=\"font-size: 13px;\">2019 \u00a9 MIA REPRESENTACIONES.<br \/>\n<a href=\"https:\/\/www.mia-international.es\/it\/politica-di-privacy\/\">Politica di privacy.<\/a> <a href=\"https:\/\/www.mia-international.es\/it\/avviso-legale\/\">Avviso legale.<\/a><\/p>\n<p>[\/vc_column_text][vc_single_image image=&#8221;569&#8243; img_size=&#8221;&#8221;][\/vc_column][\/vc_row]<\/p>\n<\/div>","protected":false},"excerpt":{"rendered":"<p>[vc_row][vc_column css=&#8221;.vc_custom_1561562272663{margin-bottom: 8px !important;}&#8221; offset=&#8221;vc_hidden-sm vc_hidden-xs&#8221;][vc_custom_heading text=&#8221;Talent Agency&#8221; font_container=&#8221;tag:h1|font_size:36|text_align:center|color:%2364656a&#8221; use_theme_fonts=&#8221;yes&#8221;][vc_row_inner][vc_column_inner width=&#8221;1\/6&#8243;][\/vc_column_inner][vc_column_inner width=&#8221;2\/3&#8243;][vc_custom_heading text=&#8221;Scouting, negoziazione e mediazione affinch\u00e9 i vostri progetti con celebrities diventino realt\u00e0&#8221; font_container=&#8221;tag:h5|text_align:center|color:%2364656a&#8221; google_fonts=&#8221;font_family:Nunito%3A300%2Cregular%2C700|font_style:400%20regular%3A400%3Anormal&#8221;][\/vc_column_inner][vc_column_inner width=&#8221;1\/6&#8243;][\/vc_column_inner][\/vc_row_inner][\/vc_column][\/vc_row][vc_row][vc_column css=&#8221;.vc_custom_1561562268452{margin-bottom: 8px !important;}&#8221; offset=&#8221;vc_hidden-lg vc_hidden-md&#8221;][vc_custom_heading text=&#8221;Talent Agency&#8221; font_container=&#8221;tag:h1|font_size:36|text_align:center|color:%2364656a&#8221; use_theme_fonts=&#8221;yes&#8221;][vc_row_inner][vc_column_inner width=&#8221;1\/6&#8243;][\/vc_column_inner][vc_column_inner width=&#8221;2\/3&#8243;][vc_custom_heading text=&#8221;Scouting, negoziazione e mediazione affinch\u00e9 i vostri progetti con celebrities diventino realt\u00e0&#8221; font_container=&#8221;tag:h5|text_align:center|color:%2364656a&#8221; google_fonts=&#8221;font_family:Nunito%3A300%2Cregular%2C700|font_style:400%20regular%3A400%3Anormal&#8221;][\/vc_column_inner][vc_column_inner width=&#8221;1\/6&#8243;][\/vc_column_inner][\/vc_row_inner][\/vc_column][\/vc_row][vc_row][vc_column css=&#8221;.vc_custom_1559812282760{margin-bottom: 8px&hellip;<\/p>\n","protected":false},"author":1,"featured_media":0,"parent":0,"menu_order":0,"comment_status":"closed","ping_status":"closed","template":"","meta":{"_acf_changed":false,"footnotes":""},"class_list":["post-1289","page","type-page","status-publish","hentry"],"acf":[],"_links":{"self":[{"href":"https:\/\/www.mia-international.es\/it\/wp-json\/wp\/v2\/pages\/1289","targetHints":{"allow":["GET"]}}],"collection":[{"href":"https:\/\/www.mia-international.es\/it\/wp-json\/wp\/v2\/pages"}],"about":[{"href":"https:\/\/www.mia-international.es\/it\/wp-json\/wp\/v2\/types\/page"}],"author":[{"embeddable":true,"href":"https:\/\/www.mia-international.es\/it\/wp-json\/wp\/v2\/users\/1"}],"replies":[{"embeddable":true,"href":"https:\/\/www.mia-international.es\/it\/wp-json\/wp\/v2\/comments?post=1289"}],"version-history":[{"count":31,"href":"https:\/\/www.mia-international.es\/it\/wp-json\/wp\/v2\/pages\/1289\/revisions"}],"predecessor-version":[{"id":1651,"href":"https:\/\/www.mia-international.es\/it\/wp-json\/wp\/v2\/pages\/1289\/revisions\/1651"}],"wp:attachment":[{"href":"https:\/\/www.mia-international.es\/it\/wp-json\/wp\/v2\/media?parent=1289"}],"curies":[{"name":"wp","href":"https:\/\/api.w.org\/{rel}","templated":true}]}}